{"id":78,"date":"2017-12-12T11:24:21","date_gmt":"2017-12-12T15:24:21","guid":{"rendered":"http:\/\/ayuntamiento.guineo\/transparencia\/?page_id=78"},"modified":"2024-07-22T22:44:38","modified_gmt":"2024-07-23T02:44:38","slug":"definicion-oaim-oficina-de-acceso-a-la-informacion-municipal","status":"publish","type":"page","link":"https:\/\/juntadistritallajaiba.gob.do\/transparencia\/definicion-oaim-oficina-de-acceso-a-la-informacion-municipal\/","title":{"rendered":"Definici\u00f3n OAIM (Oficina de Acceso a la Informaci\u00f3n Municipal)"},"content":{"rendered":"<p><strong>Definici\u00f3n OAIM (Oficina de Acceso a la Informaci\u00f3n Municipal)<\/strong><\/p>\n<p>La Oficina de Acceso a la Informaci\u00f3n (OAI), es un mandato de la Ley General de Libre Acceso a la Informaci\u00f3n P\u00fablica Ley 200-04 y el Decreto No. 130-05 que crea el reglamento de dicha ley, con el objetivo de apoyar a entidades y personas tanto p\u00fablicas como privadas mediante las informaciones solicitadas.<\/p>\n<p><strong>Visi\u00f3n:<\/strong><br \/>\nDar sost\u00e9n a los valores de honestidad, responsabilidad, eficiencia, eficacia, calidad y trabajo en equipo de la Armada de Rep\u00fablica Dominicana, apoyando as\u00ed los esfuerzos de transparencia institucional.<\/p>\n<p><strong>Misi\u00f3n:<\/strong><br \/>\nGarantizar el acceso de los usuarios a la informaci\u00f3n sobre la gesti\u00f3n de la Armada de Rep\u00fablica Dominicana como una forma de validar la transparencia de la instituci\u00f3n.<\/p>\n<p><strong>Definici\u00f3n RAI:<\/strong><br \/>\nEl representante de Acceso a la Informaci\u00f3n, es el responsable de tramitar y facilitar las informaciones requeridas y de ser el canal de comunicaci\u00f3n entre la instituci\u00f3n, ciudadanos y ciudadanas.<\/p>\n<p><strong>Proceso de Solicitud de Informaci\u00f3n:<\/strong><br \/>\n\u00b7 Completar el formulario de solicitud de informaci\u00f3n.<br \/>\n\u00b7 Se procede a la revisi\u00f3n de dicho documento con la finalidad de verificar que est\u00e1 debidamente completada(o).<br \/>\n\u00b7 Se hace entrega de acuse de recibo al solicitante.<br \/>\n\u00b7 Seg\u00fan la complejidad de la informaci\u00f3n, se asigna una fecha de entrega. En caso de no ser el encargado de RAI la entidad competente para ofrecer la informaci\u00f3n requerida, dicha solicitud se refiere a la instituci\u00f3n correspondiente y se le informa al solicitante, el curso que ha tomado su solicitud y la instituci\u00f3n destinataria.<br \/>\n\u00b7 Seguimiento de la(s) solicitud(es) hasta confirmar que se ha suministrado la informaci\u00f3n.<\/p>\n<p><em><strong>Responsable de Acceso a la Informaci\u00f3n (RAI)<\/strong><\/em><\/p>\n<p><em><strong>Nombre:<\/strong><\/em>\u00a0Ing. Juan Carlos Minaya Aragon\u00e9s<\/p>\n<p><em><strong>Correo electr\u00f3nico:<\/strong><\/em>\u00a0<a href=\"mailto:%20minayaaragones@gmail.com\">\u00a0minayaaragones@gmail.com<\/a><\/p>\n<p><em><strong>Correo electr\u00f3nico: <\/strong><\/em>ayuntamientolajaiba@gmail.com<\/p>\n<p><em><strong>Tel\u00e9fono:<\/strong><\/em>\u00a0809-395-9328<\/p>\n<p class=\"paragraph ng-attr-widget\"><em><strong>Direcci\u00f3n:<\/strong><\/em>\u00a0los conucos, Belloso, Luper\u00f3n, Provincia Puerto Plata.<\/p>\n<p class=\"paragraph ng-attr-widget\">\n<p class=\"paragraph ng-attr-widget\">\n<p class=\"paragraph ng-attr-widget\">\n","protected":false},"excerpt":{"rendered":"Definici\u00f3n OAIM (Oficina de Acceso a la Informaci\u00f3n Municipal) La Oficina de Acceso a la Informaci\u00f3n (OAI), es un mandato de la Ley General de Libre Acceso a la Informaci\u00f3n P\u00fablica Ley 200-04 y el Decreto No. 130-05 que crea el reglamento de dicha ley, con el objetivo de apoyar a entidades y personas tanto&#8230;","protected":false},"author":1,"featured_media":0,"parent":0,"menu_order":0,"comment_status":"closed","ping_status":"closed","template":"","meta":{"footnotes":""},"acf":[],"_links":{"self":[{"href":"https:\/\/juntadistritallajaiba.gob.do\/transparencia\/wp-json\/wp\/v2\/pages\/78"}],"collection":[{"href":"https:\/\/juntadistritallajaiba.gob.do\/transparencia\/wp-json\/wp\/v2\/pages"}],"about":[{"href":"https:\/\/juntadistritallajaiba.gob.do\/transparencia\/wp-json\/wp\/v2\/types\/page"}],"author":[{"embeddable":true,"href":"https:\/\/juntadistritallajaiba.gob.do\/transparencia\/wp-json\/wp\/v2\/users\/1"}],"replies":[{"embeddable":true,"href":"https:\/\/juntadistritallajaiba.gob.do\/transparencia\/wp-json\/wp\/v2\/comments?post=78"}],"version-history":[{"count":4,"href":"https:\/\/juntadistritallajaiba.gob.do\/transparencia\/wp-json\/wp\/v2\/pages\/78\/revisions"}],"predecessor-version":[{"id":375,"href":"https:\/\/juntadistritallajaiba.gob.do\/transparencia\/wp-json\/wp\/v2\/pages\/78\/revisions\/375"}],"wp:attachment":[{"href":"https:\/\/juntadistritallajaiba.gob.do\/transparencia\/wp-json\/wp\/v2\/media?parent=78"}],"curies":[{"name":"wp","href":"https:\/\/api.w.org\/{rel}","templated":true}]}}