{"id":56,"date":"2017-12-12T10:55:12","date_gmt":"2017-12-12T14:55:12","guid":{"rendered":"http:\/\/ayuntamiento.guineo\/transparencia\/?page_id=56"},"modified":"2024-07-22T22:22:38","modified_gmt":"2024-07-23T02:22:38","slug":"derechos-de-los-ciudadanos","status":"publish","type":"page","link":"https:\/\/juntadistritallajaiba.gob.do\/transparencia\/derechos-de-los-ciudadanos\/","title":{"rendered":"Derechos de los Ciudadanos"},"content":{"rendered":"<div class=\"wp-block-image\">\n<figure class=\"alignleft size-large is-resized\"><img loading=\"lazy\" decoding=\"async\" width=\"700\" height=\"700\" src=\"http:\/\/juntadistritallajaiba.gob.do\/transparencia\/wp-content\/uploads\/2024\/07\/41c7056a7d01541bc8a76255e50db617_XL-700x700.jpg\" alt=\"\" class=\"wp-image-372\" style=\"width:265px;height:auto\" srcset=\"https:\/\/juntadistritallajaiba.gob.do\/transparencia\/wp-content\/uploads\/2024\/07\/41c7056a7d01541bc8a76255e50db617_XL-700x700.jpg 700w, https:\/\/juntadistritallajaiba.gob.do\/transparencia\/wp-content\/uploads\/2024\/07\/41c7056a7d01541bc8a76255e50db617_XL-250x250.jpg 250w, https:\/\/juntadistritallajaiba.gob.do\/transparencia\/wp-content\/uploads\/2024\/07\/41c7056a7d01541bc8a76255e50db617_XL-150x150.jpg 150w, https:\/\/juntadistritallajaiba.gob.do\/transparencia\/wp-content\/uploads\/2024\/07\/41c7056a7d01541bc8a76255e50db617_XL-768x768.jpg 768w, https:\/\/juntadistritallajaiba.gob.do\/transparencia\/wp-content\/uploads\/2024\/07\/41c7056a7d01541bc8a76255e50db617_XL-120x120.jpg 120w, https:\/\/juntadistritallajaiba.gob.do\/transparencia\/wp-content\/uploads\/2024\/07\/41c7056a7d01541bc8a76255e50db617_XL.jpg 900w\" sizes=\"(max-width: 700px) 100vw, 700px\" \/><\/figure><\/div>\n\n<p><strong>\u00bfQu\u00e9 son los derechos ciudadanos?<\/strong>\u00a0Son aquellos derechos e intereses que las personas tienen frente al Estado en su calidad de miembros de la comunidad nacional.<\/p>\n<p>Diversos autores distinguen entre una ciudadan\u00eda pasiva, aquella ciudadan\u00eda formal, consagrada legalmente que supone sujetos de derechos protegidos por el Estado, y una ciudadan\u00eda activa, que requiere la existencia de sujetos pol\u00edticos capaces de hacer exigibles sus derechos, de realizar pr\u00e1cticas aut\u00f3nomas, deliberantes y participativas.<\/p>\n<p>Al Estado le corresponde la noci\u00f3n de rendir cuentas y a la sociedad civil la responsabilidad de ejercer control ciudadano y desarrollar ciudadan\u00eda activa.<\/p>\n<p>Ello significa que el Estado tiene una responsabilidad ante la ciudadan\u00eda y \u00e9sta a su vez tiene la tarea de exigir en conciencia el \u00abderecho a tener derechos\u00bb y el cumplimiento de los compromisos sociales de los gobiernos en las materias correspondientes.<\/p>\n<p>Con el fortalecimiento de las capacidades ciudadanas se puede actuar en el debate, gesti\u00f3n y fiscalizaci\u00f3n de la acci\u00f3n p\u00fablica, con autonom\u00eda y poder.<\/p>\n<p>Para viabilizar mecanismos que permitan construir una ciudadan\u00eda activa se han aprobado en los \u00faltimos a\u00f1os leyes importantes, entre ellas la informaci\u00f3n p\u00fablica (de conformidad con la Ley No. 200-04).<\/p>\n<p><strong>Derechos Ciudadanos de conformidad con la Constituci\u00f3n de la Rep\u00fablica Dominicana, proclamada el 26 de enero. Publicada en la Gaceta Oficial No. 10561, del 26 de enero de 2010.<\/strong><\/p>\n<p>Toda persona tiene el derecho a acceder a la informaci\u00f3n y a los datos que sobre ella o sus bienes reposen en los registros oficiales o privados, as\u00ed como conocer el destino y el uso que se haga de los mismos, con las limitaciones fijadas por la ley.<\/p>\n<p>El tratamiento de los datos e informaciones personales o sus bienes deber\u00e1 hacerse respetando los principios de calidad, licitud, lealtad, seguridad y finalidad. Podr\u00e1 solicitar ante la autoridad judicial competente la actualizaci\u00f3n, oposici\u00f3n al tratamiento, rectificaci\u00f3n o destrucci\u00f3n de aquellas informaciones que afecten ileg\u00edtimamente sus derechos (Art. 44.2);<\/p>\n<p>Toda persona tiene derecho a la informaci\u00f3n. Este derecho comprende buscar, investigar, recibir y difundir informaci\u00f3n de todo tipo, de car\u00e1cter p\u00fablico, por cualquier medio, canal o v\u00eda, conforme determinan la Constituci\u00f3n y la ley (Art. 49.1);<\/p>\n<p>Todos los medios de informaci\u00f3n tienen libre acceso a las fuentes noticiosas oficiales y privadas de inter\u00e9s p\u00fablico, de conformidad con la ley (Art. 49.2);<\/p>\n<p>El secreto profesional y la cl\u00e1usula de conciencia del periodista est\u00e1n protegidos por la Constituci\u00f3n y la ley (Art. 49.3);<\/p>\n<p>Toda persona tiene derecho a la r\u00e9plica y rectificaci\u00f3n cuando se sienta lesionada por informaciones difundidas. Este derecho se ejercer\u00e1 de conformidad con la ley (Art. 49.4);<\/p>\n<p>La ley garantiza el acceso equitativo y plural de todos los sectores sociales y pol\u00edticos a los medios de comunicaci\u00f3n propiedad del Estado (Art. 49.5);<\/p>\n<p>Toda persona tiene derecho a disponer de bienes y servicios de calidad, a una informaci\u00f3n objetiva, veraz y oportuna sobre el contenido y las caracter\u00edsticas de los productos y servicios que use o consuma, bajo las previsiones y normas establecidas por la ley. Las personas que resulten lesionadas o perjudicadas por bienes y servicios de mala calidad, tienen derecho a ser compensadas o indemnizadas conforme a la ley (Art. 53);<\/p>\n<p>Los medios de comunicaci\u00f3n social, p\u00fablicos y privados, deben contribuir a la formaci\u00f3n ciudadana. El Estado garantiza servicios p\u00fablicos de radio, televisi\u00f3n y redes de bibliotecas y de inform\u00e1tica, con el fin de permitir el acceso universal a la informaci\u00f3n. Los centros educativos incorporar\u00e1n el conocimiento y aplicaci\u00f3n de las nuevas tecnolog\u00edas y de sus innovaciones, seg\u00fan los requisitos que establezca la ley (Art. 63.11);<\/p>\n<p>Toda persona tiene derecho a una acci\u00f3n judicial para conocer de la existencia y acceder a los datos que de ella consten en registros o bancos de datos p\u00fablicos o privados y, en caso de falsedad o discriminaci\u00f3n, exigir la suspensi\u00f3n, rectificaci\u00f3n, actualizaci\u00f3n y confidencialidad de aqu\u00e9llos, conforme a la ley. No podr\u00e1 afectarse el secreto de las fuentes de informaci\u00f3n period\u00edstica (Art. 70).<\/p>\n<p><strong>Derechos Ciudadanos al acceso a la informaci\u00f3n p\u00fablica\u00a0<\/strong><\/p>\n<p><strong>En t\u00e9rminos generales usted tiene derecho a:<\/strong><\/p>\n<p>\u2013 SOLICITAR informaci\u00f3n de cualquier \u00f3rgano del Estado Dominicano y de todas las sociedades an\u00f3nimas o compa\u00f1\u00edas por acciones con participaci\u00f3n estatal.<\/p>\n<p>\u2013 RECIBIR informaci\u00f3n completa, veraz, adecuada y oportuna, de cualquier \u00f3rgano del Estado Dominicano, y de todas las sociedades an\u00f3nimas, compa\u00f1\u00edas an\u00f3nimas o compa\u00f1\u00edas por acciones con participaci\u00f3n estatal.<\/p>\n<p>\u2013 ACCESO gratuito a la informaci\u00f3n en tanto que no se requiera la reproducci\u00f3n de la misma<\/p>\n<p>\u2013 SOLICITAR, RECIBIR Y DIFUNDIR informaciones pertenecientes a la administraci\u00f3n del Estado.<\/p>\n<p>\u2013 CONOCER los proyectos de reglamentos y otras disposiciones de car\u00e1cter general que rigen las relaciones entre los particulares y la administraci\u00f3n.<\/p>\n<p>\u2013 OPINAR sobre los proyectos de reglamentos y otras disposiciones de car\u00e1cter general que rigen las relaciones entre los particulares y la administraci\u00f3n.<\/p>\n<p>\u2013 OBTENER informaci\u00f3n sobre los servicios que ofrece el Estado y sus tarifas- SABER la estructura integrante, normativa de funcionamiento, proyectos, informes de gesti\u00f3n y de datos de la administraci\u00f3n p\u00fablica.<\/p>\n<p>\u2013 TENER informaci\u00f3n sobre los programas y proyectos, sus presupuestos, plazos, ejecuci\u00f3n y supervisi\u00f3n.<\/p>\n<p>\u2013 ESTAR AL TANTO sobre las licitaciones, concursos, compras, gastos y resultados.<\/p>\n<p>\u2013 ACCEDER A la n\u00f3mina de Estado y sus remuneraciones.<\/p>\n<p>\u2013 CONOCER la Declaraci\u00f3n Jurada patrimonial de los funcionarios del Estado cuando su presentaci\u00f3n corresponda por ley.<\/p>\n<p>\u2013 RECIBIR informaci\u00f3n sobre el listado de beneficiarios de programas asistenciales, subsidios, becas, jubilaciones, pensiones y retiros.<\/p>\n<p>\u2013 SABER sobre el estado de cuentas de la deuda p\u00fablica, sus vencimientos y pago.<\/p>\n<p>\u2013 BUSCAR las leyes, decretos, resoluciones, disposiciones, marcos regulatorios y cualquier tipo de normativa.<\/p>\n<p>\u2013 SOLICITAR Y RECIBIR oportunamente cualquier tipo de documentaci\u00f3n financiera relativa al presupuesto.<\/p>","protected":false},"excerpt":{"rendered":"\u00bfQu\u00e9 son los derechos ciudadanos?\u00a0Son aquellos derechos e intereses que las personas tienen frente al Estado en su calidad de miembros de la comunidad nacional. Diversos autores distinguen entre una ciudadan\u00eda pasiva, aquella ciudadan\u00eda formal, consagrada legalmente que supone sujetos de derechos protegidos por el Estado, y una ciudadan\u00eda activa, que requiere la existencia de&#8230;","protected":false},"author":1,"featured_media":0,"parent":0,"menu_order":0,"comment_status":"closed","ping_status":"closed","template":"","meta":{"footnotes":""},"acf":[],"_links":{"self":[{"href":"https:\/\/juntadistritallajaiba.gob.do\/transparencia\/wp-json\/wp\/v2\/pages\/56"}],"collection":[{"href":"https:\/\/juntadistritallajaiba.gob.do\/transparencia\/wp-json\/wp\/v2\/pages"}],"about":[{"href":"https:\/\/juntadistritallajaiba.gob.do\/transparencia\/wp-json\/wp\/v2\/types\/page"}],"author":[{"embeddable":true,"href":"https:\/\/juntadistritallajaiba.gob.do\/transparencia\/wp-json\/wp\/v2\/users\/1"}],"replies":[{"embeddable":true,"href":"https:\/\/juntadistritallajaiba.gob.do\/transparencia\/wp-json\/wp\/v2\/comments?post=56"}],"version-history":[{"count":2,"href":"https:\/\/juntadistritallajaiba.gob.do\/transparencia\/wp-json\/wp\/v2\/pages\/56\/revisions"}],"predecessor-version":[{"id":373,"href":"https:\/\/juntadistritallajaiba.gob.do\/transparencia\/wp-json\/wp\/v2\/pages\/56\/revisions\/373"}],"wp:attachment":[{"href":"https:\/\/juntadistritallajaiba.gob.do\/transparencia\/wp-json\/wp\/v2\/media?parent=56"}],"curies":[{"name":"wp","href":"https:\/\/api.w.org\/{rel}","templated":true}]}}